{"id":3098,"date":"2024-05-28T11:41:43","date_gmt":"2024-05-28T11:41:43","guid":{"rendered":"https:\/\/studiomedicoallapiazza.ch\/datenschutzbestimmungen\/"},"modified":"2024-07-22T09:42:30","modified_gmt":"2024-07-22T09:42:30","slug":"datenschutzbestimmungen","status":"publish","type":"page","link":"https:\/\/studiomedicoallapiazza.ch\/de\/datenschutzbestimmungen\/","title":{"rendered":"Datenschutzbestimmungen"},"content":{"rendered":"\n<p>Letzte Aktualisierung: 05.07.2024<\/p>\n\n<h3 class=\"wp-block-heading\">Einf\u00fchrung<\/h3>\n\n<p>Unsere Website (&#8217;studiomedicoberta.ch&#8216;, &#8218;wir&#8216;, &#8218;uns&#8216;, &#8218;unser&#8216;) legt gr\u00f6\u00dften Wert auf den Schutz der Privatsph\u00e4re ihrer Besucher (&#8218;Besucher&#8216;, &#8218;Benutzer&#8216;, &#8218;Sie&#8216;, &#8218;Ihr&#8216;). Zu diesem Zweck beschreibt diese Datenschutzrichtlinie, wie unsere Website Ihre pers\u00f6nlichen Daten erfassen, verwenden, offenlegen und sch\u00fctzen kann und erl\u00e4utert Ihre Rechte in Bezug auf diese Daten.<\/p>\n\n<p>Diese Datenschutzrichtlinie gilt f\u00fcr alle Besucher, ob registriert oder nicht, f\u00fcr alle zugeh\u00f6rigen Domains und Subdomains (die &#8218;Website&#8216;), f\u00fcr die mobile Version davon und f\u00fcr alle davon abgeleiteten Web- und mobilen Anwendungen sowie f\u00fcr alle \u00fcber diese Systeme angebotenen Dienste. Es ist nicht beabsichtigt, die Bedingungen eines anderen mit uns abgeschlossenen Vertrags oder Ihre Rechte, die Sie unter anderen anwendbaren Datenschutzgesetzen haben, zu ersetzen.<\/p>\n\n<p>Wir empfehlen Ihnen, diese Datenschutzerkl\u00e4rung sorgf\u00e4ltig zu lesen und sich zu vergewissern, dass Sie alles verstanden haben, was in unseren Praktiken in Bezug auf pers\u00f6nliche Daten erkl\u00e4rt wird, bevor Sie unsere Website besuchen. Wenn Sie, nachdem Sie diese Datenschutzrichtlinie gelesen und vollst\u00e4ndig verstanden haben, mit unseren Praktiken nicht einverstanden sind, sollten Sie diese Website unverz\u00fcglich verlassen. Wenn Sie Fragen oder Bedenken bez\u00fcglich dieser Richtlinie haben, kontaktieren Sie uns bitte unter info@studiomedicoberta.ch.<\/p>\n\n<h3 class=\"wp-block-heading\">Sammeln von Informationen<\/h3>\n\n<p>Der Eigent\u00fcmer der Datenerhebung ist Studio Medico Berta, Piazza Municipio 2, 6614 Brissago.<\/p>\n\n<p>Wir k\u00f6nnen automatisch technische Informationen \u00fcber die Besuche auf unserer Website sammeln, einschlie\u00dflich der Inhalte, mit denen Sie interagieren, der IP-Adresse des Besuchers, Details zum verwendeten Browser und zu den verwendeten Ger\u00e4ten, Zugriffsdaten und -zeit, geografischer Standort und andere technische Details \u00fcber Ihr Browsing.<\/p>\n\n<p>Wir k\u00f6nnen auch personenbezogene Daten erfassen, die Sie ausdr\u00fccklich durch das Ausf\u00fcllen von Formularen auf unserer Website zur Verf\u00fcgung stellen, wie z. B. Ihren Vor- und Nachnamen, Ihr Geburtsdatum und Ihren Geburtsort, Ihre vollst\u00e4ndige Adresse und verschiedene Kontaktinformationen (Telefon, E-Mail, Kontakte in sozialen Netzwerken usw.).<\/p>\n\n<h3 class=\"wp-block-heading\">Cookie-Richtlinie<\/h3>\n\n<p><strong>Was sind Cookies?<\/strong><\/p>\n\n<p>Cookies sind kleine Textdateien, die auf Ihrem Ger\u00e4t (Computer, Tablet, Smartphone) gespeichert werden, wenn Sie eine Website besuchen. Diese Dateien enthalten Informationen, die dazu dienen, das Surferlebnis zu verbessern, Sie zu erkennen, wenn Sie auf die Website zur\u00fcckkehren, und personalisierte Inhalte anzubieten.<\/p>\n\n<p><strong>Wie verwenden wir Cookies?<\/strong><\/p>\n\n<p>Wir k\u00f6nnen Cookies f\u00fcr verschiedene Zwecke verwenden, unter anderem:<\/p>\n\n<ul class=\"wp-block-list\">\n<li><strong>Notwendige<\/strong> Cookies: Diese Cookies sind f\u00fcr das Funktionieren unserer Website unerl\u00e4sslich. Sie erm\u00f6glichen es Ihnen, die Website zu durchsuchen und ihre Funktionen zu nutzen.<\/li>\n\n\n\n<li><strong>Performance-Cookies<\/strong>: Wir verwenden diese Cookies, um Informationen \u00fcber die Nutzung unserer Website zu sammeln, z. B. welche Seiten am h\u00e4ufigsten besucht werden. Diese Daten helfen uns, die Website zu optimieren, um Ihr Surferlebnis zu verbessern.<\/li>\n\n\n\n<li><strong>Funktionalit\u00e4ts-Cookies<\/strong>: Diese Cookies erm\u00f6glichen es der Website, sich an die von Ihnen getroffenen Entscheidungen zu erinnern (z. B. Browsing-Sprache oder -Region) und bieten erweiterte personalisierte Funktionen.<\/li>\n\n\n\n<li><strong>Werbe-Cookies<\/strong>: Wir k\u00f6nnen Cookies von Drittanbietern verwenden, um relevante Werbung anzuzeigen, wenn Sie andere Websites besuchen. Diese Cookies werden auch verwendet, um die Effektivit\u00e4t unserer Werbekampagnen zu verfolgen.<\/li>\n<\/ul>\n\n<p><strong>Wie kann ich Cookies kontrollieren?<\/strong><\/p>\n\n<p>Sie k\u00f6nnen Ihre Cookie-Einstellungen \u00fcber Ihre Browser-Einstellungen verwalten. Sie k\u00f6nnen Cookies blockieren oder l\u00f6schen, aber bitte beachten Sie, dass einige Teile unserer Website m\u00f6glicherweise nicht richtig funktionieren.<\/p>\n\n<h3 class=\"wp-block-heading\">Verwendung von Informationen<\/h3>\n\n<p>Wir verwenden die Informationen, die wir von Ihnen sammeln, f\u00fcr verschiedene Zwecke, z.B. um die Funktionalit\u00e4t unserer Website zu verbessern, die Pr\u00e4ferenzen der Besucher zu verstehen, personalisierte Werbung bereitzustellen, Nutzungstrends zu analysieren, die Website zu verwalten usw. Pers\u00f6nliche Informationen, die Sie uns freiwillig durch das Ausf\u00fcllen von Formularen zur Verf\u00fcgung stellen, werden nur f\u00fcr Verwaltungs- oder Kontaktzwecke verwendet. Ihre Daten werden nur so lange wie unbedingt n\u00f6tig aufbewahrt und bleiben vertraulich.<\/p>\n\n<h3 class=\"wp-block-heading\">Verbreitung von Informationen<\/h3>\n\n<p>Wir werden Ihre pers\u00f6nlichen Daten nicht ohne Ihre Zustimmung an Dritte weitergeben, mit Ausnahme von technischen Informationen an Dienstleister, die uns beim Betrieb unserer Website helfen.<\/p>\n\n<p>Unsere Drittdienstleister sind:<\/p>\n\n<ul class=\"wp-block-list\">\n<li><strong>WordPress:<\/strong> https:\/\/wordpress.com<\/li>\n\n\n\n<li><strong>Google Cloud EMEA Limited:<\/strong> https:\/\/cloud.google.com\/terms\/cloud-privacy-notice?hl=it<\/li>\n<\/ul>\n\n<p>Die \u00dcbermittlung personenbezogener Daten an staatliche Einrichtungen und Beh\u00f6rden oder an private Personen, die aufgrund von Rechtsvorschriften, Gerichtsbeschl\u00fcssen oder beh\u00f6rdlichen Anordnungen dazu berechtigt sind, sowie die \u00dcbermittlung an Beh\u00f6rden zum Zwecke der Rechtsverfolgung oder zum Zwecke der Strafverfolgung, wenn unsere gesetzlich gesch\u00fctzten Rechte bedroht sind, bleibt vorbehalten.<\/p>\n\n<h3 class=\"wp-block-heading\">Datensicherheit<\/h3>\n\n<p>Wir haben technische und organisatorische Sicherheitsvorkehrungen getroffen, um Ihre pers\u00f6nlichen Daten vor unbefugtem Zugriff, unbefugter Nutzung oder Offenlegung zu sch\u00fctzen. Wir \u00fcbernehmen keine Haftung f\u00fcr den unbefugten Zugriff auf oder den Verlust von pers\u00f6nlichen Daten au\u00dferhalb unserer Kontrolle.<\/p>\n\n<p>Unsere Website kann Links zu anderen Websites enthalten, die sich unserer Kontrolle entziehen und f\u00fcr die dieser Datenschutzhinweis nicht gilt. Wenn Sie \u00fcber die angegebenen Links auf andere Websites zugreifen, k\u00f6nnen die Betreiber dieser Websites personenbezogene Daten erheben und diese gem\u00e4\u00df den Bedingungen ihrer eigenen Datenschutzpolitik verwenden, die von den Bedingungen dieses Dokuments abweichen kann.<\/p>\n\n<h3 class=\"wp-block-heading\">Rechte der Benutzer<\/h3>\n\n<p>Sie haben das Recht, Zugang, Korrektur, L\u00f6schung oder Einschr\u00e4nkung der Verarbeitung Ihrer pers\u00f6nlichen Daten zu verlangen, wie es das Schweizer Recht normalerweise vorsieht.<\/p>\n\n<p>Wenn Sie Fragen zur Verarbeitung Ihrer Daten haben, kontaktieren Sie uns bitte unter der folgenden Adresse:<\/p>\n\n<p><strong>Arztpraxis Berta<\/strong><br\/>Rathausplatz 2<br\/>6614 Brissago<br\/><a href=\"mailto:studiomedico.berta@hin.ch,\">studiomedico.berta@hin.ch<\/a><\/p>\n\n<p>Wenn Sie uns per E-Mail kontaktieren m\u00f6chten, beachten Sie bitte, dass solche Nachrichten nicht verschl\u00fcsselt sind und daher den Sicherheitsrisiken unterliegen, die mit solchen Kommunikationsmethoden verbunden sind.<\/p>\n\n<p>Wenn Sie Ihre Daten korrigieren, sperren oder l\u00f6schen lassen m\u00f6chten, wenden Sie sich bitte unter Beif\u00fcgung einer Kopie Ihres Ausweises an die folgende Adresse:<\/p>\n\n<p><strong>Arztpraxis Berta<\/strong><br\/>Rathausplatz 2<br\/>6614 Brissago<\/p>\n\n<p>Wenn eine L\u00f6schung aus gesetzlichen oder vertraglichen Gr\u00fcnden oder aufgrund steuerlicher oder handelsrechtlicher Vorschriften, insbesondere zur Einhaltung gesetzlicher Aufbewahrungsfristen, nicht m\u00f6glich ist, werden die Daten gesperrt und nicht gel\u00f6scht.<\/p>\n","protected":false},"excerpt":{"rendered":"<p>Letzte Aktualisierung: 05.07.2024 Einf\u00fchrung Unsere Website (&#8217;studiomedicoberta.ch&#8216;, &#8218;wir&#8216;, &#8218;uns&#8216;, &#8218;unser&#8216;) legt gr\u00f6\u00dften Wert auf den Schutz der Privatsph\u00e4re ihrer Besucher (&#8218;Besucher&#8216;, &#8218;Benutzer&#8216;, &#8218;Sie&#8216;, &#8218;Ihr&#8216;). Zu diesem Zweck beschreibt diese Datenschutzrichtlinie, wie unsere Website Ihre pers\u00f6nlichen Daten erfassen, verwenden, offenlegen und sch\u00fctzen kann und erl\u00e4utert Ihre Rechte in Bezug auf diese Daten. Diese Datenschutzrichtlinie gilt f\u00fcr [&hellip;]<\/p>\n","protected":false},"author":2,"featured_media":0,"parent":0,"menu_order":0,"comment_status":"closed","ping_status":"closed","template":"","meta":{"_seopress_robots_primary_cat":"","_seopress_titles_title":"","_seopress_titles_desc":"","_seopress_robots_index":"","footnotes":""},"class_list":["post-3098","page","type-page","status-publish","hentry"],"_links":{"self":[{"href":"https:\/\/studiomedicoallapiazza.ch\/de\/wp-json\/wp\/v2\/pages\/3098","targetHints":{"allow":["GET"]}}],"collection":[{"href":"https:\/\/studiomedicoallapiazza.ch\/de\/wp-json\/wp\/v2\/pages"}],"about":[{"href":"https:\/\/studiomedicoallapiazza.ch\/de\/wp-json\/wp\/v2\/types\/page"}],"author":[{"embeddable":true,"href":"https:\/\/studiomedicoallapiazza.ch\/de\/wp-json\/wp\/v2\/users\/2"}],"replies":[{"embeddable":true,"href":"https:\/\/studiomedicoallapiazza.ch\/de\/wp-json\/wp\/v2\/comments?post=3098"}],"version-history":[{"count":1,"href":"https:\/\/studiomedicoallapiazza.ch\/de\/wp-json\/wp\/v2\/pages\/3098\/revisions"}],"predecessor-version":[{"id":3101,"href":"https:\/\/studiomedicoallapiazza.ch\/de\/wp-json\/wp\/v2\/pages\/3098\/revisions\/3101"}],"wp:attachment":[{"href":"https:\/\/studiomedicoallapiazza.ch\/de\/wp-json\/wp\/v2\/media?parent=3098"}],"curies":[{"name":"wp","href":"https:\/\/api.w.org\/{rel}","templated":true}]}}