{"id":3114,"date":"2024-05-17T09:04:20","date_gmt":"2024-05-17T09:04:20","guid":{"rendered":"https:\/\/studiomedicoallapiazza.ch\/unsere-philosophie\/"},"modified":"2025-10-03T20:11:24","modified_gmt":"2025-10-03T20:11:24","slug":"unsere-philosophie","status":"publish","type":"page","link":"https:\/\/studiomedicoallapiazza.ch\/de\/unsere-philosophie\/","title":{"rendered":"Unsere Philosophie"},"content":{"rendered":"\t\t<div data-elementor-type=\"wp-page\" data-elementor-id=\"3114\" class=\"elementor elementor-3114 elementor-103\" data-elementor-post-type=\"page\">\n\t\t\t\t<div class=\"elementor-element elementor-element-f55df90 e-con-full e-flex e-con e-parent\" data-id=\"f55df90\" data-element_type=\"container\" data-e-type=\"container\" data-settings=\"{&quot;background_background&quot;:&quot;classic&quot;}\">\n\t\t<div class=\"elementor-element elementor-element-dc1bdd0 e-con-full e-flex e-con e-child\" data-id=\"dc1bdd0\" data-element_type=\"container\" data-e-type=\"container\">\n\t\t\t\t<div class=\"elementor-element elementor-element-e035860 elementor-widget elementor-widget-heading\" data-id=\"e035860\" data-element_type=\"widget\" data-e-type=\"widget\" data-widget_type=\"heading.default\">\n\t\t\t\t<div class=\"elementor-widget-container\">\n\t\t\t\t\t<h1 class=\"elementor-heading-title elementor-size-default\">Unsere Philosophie<\/h1>\t\t\t\t<\/div>\n\t\t\t\t<\/div>\n\t\t\t\t<\/div>\n\t\t\t\t<\/div>\n\t\t<div class=\"elementor-element elementor-element-2ab41db e-flex e-con-boxed e-con e-parent\" data-id=\"2ab41db\" data-element_type=\"container\" data-e-type=\"container\" data-settings=\"{&quot;background_background&quot;:&quot;classic&quot;}\">\n\t\t\t\t\t<div class=\"e-con-inner\">\n\t\t<div class=\"elementor-element elementor-element-5ab4f0a e-con-full e-flex e-con e-child\" data-id=\"5ab4f0a\" data-element_type=\"container\" data-e-type=\"container\">\n\t\t\t\t<div class=\"elementor-element elementor-element-5980b7a elementor-widget__width-initial elementor-widget elementor-widget-image\" data-id=\"5980b7a\" data-element_type=\"widget\" data-e-type=\"widget\" data-widget_type=\"image.default\">\n\t\t\t\t<div class=\"elementor-widget-container\">\n\t\t\t\t\t\t\t\t\t\t\t\t\t\t\t<img fetchpriority=\"high\" decoding=\"async\" width=\"800\" height=\"398\" src=\"https:\/\/studiomedicoallapiazza.ch\/wp-content\/uploads\/sites\/122\/2025\/10\/IMG_20250916_153304a-1-1024x509.jpg\" class=\"attachment-large size-large wp-image-3841\" alt=\"\" srcset=\"https:\/\/studiomedicoallapiazza.ch\/wp-content\/uploads\/sites\/122\/2025\/10\/IMG_20250916_153304a-1-1024x509.jpg 1024w, https:\/\/studiomedicoallapiazza.ch\/wp-content\/uploads\/sites\/122\/2025\/10\/IMG_20250916_153304a-1-300x149.jpg 300w, https:\/\/studiomedicoallapiazza.ch\/wp-content\/uploads\/sites\/122\/2025\/10\/IMG_20250916_153304a-1-768x382.jpg 768w, https:\/\/studiomedicoallapiazza.ch\/wp-content\/uploads\/sites\/122\/2025\/10\/IMG_20250916_153304a-1-1536x764.jpg 1536w, https:\/\/studiomedicoallapiazza.ch\/wp-content\/uploads\/sites\/122\/2025\/10\/IMG_20250916_153304a-1-2048x1019.jpg 2048w\" sizes=\"(max-width: 800px) 100vw, 800px\" \/>\t\t\t\t\t\t\t\t\t\t\t\t\t\t\t<\/div>\n\t\t\t\t<\/div>\n\t\t\t\t<div class=\"elementor-element elementor-element-82f9917 elementor-widget__width-initial elementor-widget elementor-widget-text-editor\" data-id=\"82f9917\" data-element_type=\"widget\" data-e-type=\"widget\" data-widget_type=\"text-editor.default\">\n\t\t\t\t<div class=\"elementor-widget-container\">\n\t\t\t\t\t\t\t\t\tUm als \u00c4rztin oder Arzt zu arbeiten, braucht es Professionalit\u00e4t und Leidenschaft f\u00fcr den Beruf. Ebenso wichtig ist es zuzuh\u00f6ren und Empathie und echtes Interesse an der Person, die sich an uns wendet, zu zeigen. Diese und viele andere Werte sind f\u00fcr die Aus\u00fcbung des \u00e4rztlichen Berufs unerl\u00e4sslich. In unserem Team legen wir daher gr\u00f6ssten Wert auf eine Kultur des Respekts, des Dialogs und der gegenseitigen Unterst\u00fctzung. Wir f\u00f6rdern und pflegen gute Kommunikation und Zusammenarbeit nicht nur innerhalb unseres Teams, sondern auch mit externen Figuren (\u00c4rzten, Therapeuten, Institutionen, h\u00e4uslicher Pflege), um dem Patienten schnelle, gute und zuverl\u00e4ssige medizinische Versorgung bieten zu k\u00f6nnen.\t\t\t\t\t\t\t\t<\/div>\n\t\t\t\t<\/div>\n\t\t\t\t<\/div>\n\t\t\t\t\t<\/div>\n\t\t\t\t<\/div>\n\t\t\t\t<\/div>\n\t\t","protected":false},"excerpt":{"rendered":"<p>Unsere Philosophie Um als \u00c4rztin oder Arzt zu arbeiten, braucht es Professionalit\u00e4t und Leidenschaft f\u00fcr den Beruf. Ebenso wichtig ist es zuzuh\u00f6ren und Empathie und echtes Interesse an der Person, die sich an uns wendet, zu zeigen. Diese und viele andere Werte sind f\u00fcr die Aus\u00fcbung des \u00e4rztlichen Berufs unerl\u00e4sslich. In unserem Team legen wir [&hellip;]<\/p>\n","protected":false},"author":2,"featured_media":0,"parent":0,"menu_order":0,"comment_status":"closed","ping_status":"closed","template":"elementor_header_footer","meta":{"_seopress_robots_primary_cat":"","_seopress_titles_title":"","_seopress_titles_desc":"","_seopress_robots_index":"","footnotes":""},"class_list":["post-3114","page","type-page","status-publish","hentry"],"_links":{"self":[{"href":"https:\/\/studiomedicoallapiazza.ch\/de\/wp-json\/wp\/v2\/pages\/3114","targetHints":{"allow":["GET"]}}],"collection":[{"href":"https:\/\/studiomedicoallapiazza.ch\/de\/wp-json\/wp\/v2\/pages"}],"about":[{"href":"https:\/\/studiomedicoallapiazza.ch\/de\/wp-json\/wp\/v2\/types\/page"}],"author":[{"embeddable":true,"href":"https:\/\/studiomedicoallapiazza.ch\/de\/wp-json\/wp\/v2\/users\/2"}],"replies":[{"embeddable":true,"href":"https:\/\/studiomedicoallapiazza.ch\/de\/wp-json\/wp\/v2\/comments?post=3114"}],"version-history":[{"count":16,"href":"https:\/\/studiomedicoallapiazza.ch\/de\/wp-json\/wp\/v2\/pages\/3114\/revisions"}],"predecessor-version":[{"id":3847,"href":"https:\/\/studiomedicoallapiazza.ch\/de\/wp-json\/wp\/v2\/pages\/3114\/revisions\/3847"}],"wp:attachment":[{"href":"https:\/\/studiomedicoallapiazza.ch\/de\/wp-json\/wp\/v2\/media?parent=3114"}],"curies":[{"name":"wp","href":"https:\/\/api.w.org\/{rel}","templated":true}]}}