{"id":3119,"date":"2024-05-17T14:11:05","date_gmt":"2024-05-17T14:11:05","guid":{"rendered":"https:\/\/studiomedicoallapiazza.ch\/hausbesuche\/"},"modified":"2024-12-18T13:43:30","modified_gmt":"2024-12-18T13:43:30","slug":"hausbesuche","status":"publish","type":"page","link":"https:\/\/studiomedicoallapiazza.ch\/de\/hausbesuche\/","title":{"rendered":"Hausbesuche"},"content":{"rendered":"\t\t<div data-elementor-type=\"wp-page\" data-elementor-id=\"3119\" class=\"elementor elementor-3119 elementor-438\" data-elementor-post-type=\"page\">\n\t\t\t\t<div class=\"elementor-element elementor-element-ad42267 e-con-full e-flex e-con e-parent\" data-id=\"ad42267\" data-element_type=\"container\" data-e-type=\"container\" data-settings=\"{&quot;background_background&quot;:&quot;classic&quot;}\">\n\t\t<div class=\"elementor-element elementor-element-c4eca23 e-con-full e-flex e-con e-child\" data-id=\"c4eca23\" data-element_type=\"container\" data-e-type=\"container\">\n\t\t\t\t<div class=\"elementor-element elementor-element-6655243 elementor-widget__width-initial elementor-widget elementor-widget-heading\" data-id=\"6655243\" data-element_type=\"widget\" data-e-type=\"widget\" data-widget_type=\"heading.default\">\n\t\t\t\t<div class=\"elementor-widget-container\">\n\t\t\t\t\t<h2 class=\"elementor-heading-title elementor-size-default\">\u00c4RZTLICHE LEISTUNGEN<\/h2>\t\t\t\t<\/div>\n\t\t\t\t<\/div>\n\t\t\t\t<\/div>\n\t\t\t\t<\/div>\n\t\t<div class=\"elementor-element elementor-element-cfc9e4f e-flex e-con-boxed elementor-invisible e-con e-parent\" data-id=\"cfc9e4f\" data-element_type=\"container\" data-e-type=\"container\" data-settings=\"{&quot;animation&quot;:&quot;fadeIn&quot;}\">\n\t\t\t\t\t<div class=\"e-con-inner\">\n\t\t<div class=\"elementor-element elementor-element-4ee4fa5 e-con-full e-flex e-con e-child\" data-id=\"4ee4fa5\" data-element_type=\"container\" data-e-type=\"container\" data-settings=\"{&quot;background_background&quot;:&quot;classic&quot;}\">\n\t\t\t\t<div class=\"elementor-element elementor-element-0ea5e0f elementor-widget__width-initial elementor-widget elementor-widget-gallery\" data-id=\"0ea5e0f\" data-element_type=\"widget\" data-e-type=\"widget\" data-settings=\"{&quot;columns&quot;:&quot;2&quot;,&quot;columns_mobile&quot;:&quot;2&quot;,&quot;lazyload&quot;:&quot;yes&quot;,&quot;gallery_layout&quot;:&quot;grid&quot;,&quot;columns_tablet&quot;:2,&quot;gap&quot;:{&quot;unit&quot;:&quot;px&quot;,&quot;size&quot;:10,&quot;sizes&quot;:[]},&quot;gap_tablet&quot;:{&quot;unit&quot;:&quot;px&quot;,&quot;size&quot;:10,&quot;sizes&quot;:[]},&quot;gap_mobile&quot;:{&quot;unit&quot;:&quot;px&quot;,&quot;size&quot;:10,&quot;sizes&quot;:[]},&quot;link_to&quot;:&quot;file&quot;,&quot;aspect_ratio&quot;:&quot;3:2&quot;,&quot;overlay_background&quot;:&quot;yes&quot;,&quot;content_hover_animation&quot;:&quot;fade-in&quot;}\" data-widget_type=\"gallery.default\">\n\t\t\t\t<div class=\"elementor-widget-container\">\n\t\t\t\t\t\t\t<div class=\"elementor-gallery__container\">\n\t\t\t\t\t\t\t<a class=\"e-gallery-item elementor-gallery-item elementor-animated-content\" href=\"https:\/\/studiomedicoallapiazza.ch\/wp-content\/uploads\/sites\/122\/2024\/05\/DSC1315-1-scaled.jpg\" data-elementor-open-lightbox=\"yes\" data-elementor-lightbox-slideshow=\"0ea5e0f\" data-elementor-lightbox-title=\"_DSC1315\" data-e-action-hash=\"#elementor-action%3Aaction%3Dlightbox%26settings%3DeyJpZCI6OTE1LCJ1cmwiOiJodHRwczpcL1wvc3R1ZGlvbWVkaWNvYWxsYXBpYXp6YS5jaFwvd3AtY29udGVudFwvdXBsb2Fkc1wvc2l0ZXNcLzEyMlwvMjAyNFwvMDVcL0RTQzEzMTUtMS1zY2FsZWQuanBnIiwic2xpZGVzaG93IjoiMGVhNWUwZiJ9\">\n\t\t\t\t\t<div class=\"e-gallery-image elementor-gallery-item__image\" data-thumbnail=\"https:\/\/studiomedicoallapiazza.ch\/wp-content\/uploads\/sites\/122\/2024\/05\/DSC1315-1-768x512.jpg\" data-width=\"768\" data-height=\"512\" aria-label=\"\" role=\"img\" ><\/div>\n\t\t\t\t\t\t\t\t\t\t\t<div class=\"elementor-gallery-item__overlay\"><\/div>\n\t\t\t\t\t\t\t\t\t\t\t\t\t\t<\/a>\n\t\t\t\t\t\t\t<a class=\"e-gallery-item elementor-gallery-item elementor-animated-content\" href=\"https:\/\/studiomedicoallapiazza.ch\/wp-content\/uploads\/sites\/122\/2024\/06\/foto-berta-e-paziente-scaled.jpg\" data-elementor-open-lightbox=\"yes\" data-elementor-lightbox-slideshow=\"0ea5e0f\" data-elementor-lightbox-title=\"foto berta e paziente\" data-e-action-hash=\"#elementor-action%3Aaction%3Dlightbox%26settings%3DeyJpZCI6MTczMSwidXJsIjoiaHR0cHM6XC9cL3N0dWRpb21lZGljb2FsbGFwaWF6emEuY2hcL3dwLWNvbnRlbnRcL3VwbG9hZHNcL3NpdGVzXC8xMjJcLzIwMjRcLzA2XC9mb3RvLWJlcnRhLWUtcGF6aWVudGUtc2NhbGVkLmpwZyIsInNsaWRlc2hvdyI6IjBlYTVlMGYifQ%3D%3D\">\n\t\t\t\t\t<div class=\"e-gallery-image elementor-gallery-item__image\" data-thumbnail=\"https:\/\/studiomedicoallapiazza.ch\/wp-content\/uploads\/sites\/122\/2024\/06\/foto-berta-e-paziente-768x512.jpg\" data-width=\"768\" data-height=\"512\" aria-label=\"\" role=\"img\" ><\/div>\n\t\t\t\t\t\t\t\t\t\t\t<div class=\"elementor-gallery-item__overlay\"><\/div>\n\t\t\t\t\t\t\t\t\t\t\t\t\t\t<\/a>\n\t\t\t\t\t<\/div>\n\t\t\t\t\t<\/div>\n\t\t\t\t<\/div>\n\t\t\t\t<div class=\"elementor-element elementor-element-317edca elementor-widget elementor-widget-text-editor\" data-id=\"317edca\" data-element_type=\"widget\" data-e-type=\"widget\" data-widget_type=\"text-editor.default\">\n\t\t\t\t<div class=\"elementor-widget-container\">\n\t\t\t\t\t\t\t\t\t<ul>\n<li>Allgemeine Innere Medizin<\/li>\n<li>Pers\u00f6nlicher Checkup<\/li>\n<li>\u00c4rztliche Untersuchung auf Fahrtauglichkeit (Gruppe 1 und 2)<\/li>\n<li>Hausbesuche<\/li>\n<li>Palliativmedizin<\/li>\n<li>Zusammenarbeit mit Spezialisten und Krankenh\u00e4usern auf regionaler und nationaler Ebene<\/li>\n<\/ul>\t\t\t\t\t\t\t\t<\/div>\n\t\t\t\t<\/div>\n\t\t\t\t<\/div>\n\t\t\t\t\t<\/div>\n\t\t\t\t<\/div>\n\t\t\t\t<\/div>\n\t\t","protected":false},"excerpt":{"rendered":"<p>\u00c4RZTLICHE LEISTUNGEN Allgemeine Innere Medizin Pers\u00f6nlicher Checkup \u00c4rztliche Untersuchung auf Fahrtauglichkeit (Gruppe 1 und 2) Hausbesuche Palliativmedizin Zusammenarbeit mit Spezialisten und Krankenh\u00e4usern auf regionaler und nationaler Ebene<\/p>\n","protected":false},"author":2,"featured_media":0,"parent":0,"menu_order":0,"comment_status":"closed","ping_status":"closed","template":"elementor_header_footer","meta":{"_seopress_robots_primary_cat":"","_seopress_titles_title":"","_seopress_titles_desc":"","_seopress_robots_index":"","footnotes":""},"class_list":["post-3119","page","type-page","status-publish","hentry"],"_links":{"self":[{"href":"https:\/\/studiomedicoallapiazza.ch\/de\/wp-json\/wp\/v2\/pages\/3119","targetHints":{"allow":["GET"]}}],"collection":[{"href":"https:\/\/studiomedicoallapiazza.ch\/de\/wp-json\/wp\/v2\/pages"}],"about":[{"href":"https:\/\/studiomedicoallapiazza.ch\/de\/wp-json\/wp\/v2\/types\/page"}],"author":[{"embeddable":true,"href":"https:\/\/studiomedicoallapiazza.ch\/de\/wp-json\/wp\/v2\/users\/2"}],"replies":[{"embeddable":true,"href":"https:\/\/studiomedicoallapiazza.ch\/de\/wp-json\/wp\/v2\/comments?post=3119"}],"version-history":[{"count":5,"href":"https:\/\/studiomedicoallapiazza.ch\/de\/wp-json\/wp\/v2\/pages\/3119\/revisions"}],"predecessor-version":[{"id":3359,"href":"https:\/\/studiomedicoallapiazza.ch\/de\/wp-json\/wp\/v2\/pages\/3119\/revisions\/3359"}],"wp:attachment":[{"href":"https:\/\/studiomedicoallapiazza.ch\/de\/wp-json\/wp\/v2\/media?parent=3119"}],"curies":[{"name":"wp","href":"https:\/\/api.w.org\/{rel}","templated":true}]}}